{"id":36,"date":"2025-06-11T08:31:45","date_gmt":"2025-06-11T08:31:45","guid":{"rendered":"http:\/\/ride4less24.pl\/?page_id=36"},"modified":"2025-06-22T16:53:30","modified_gmt":"2025-06-22T16:53:30","slug":"0-nas","status":"publish","type":"page","link":"http:\/\/ride4less24.pl\/?page_id=36","title":{"rendered":"O Nas"},"content":{"rendered":"\t\t<div data-elementor-type=\"wp-page\" data-elementor-id=\"36\" class=\"elementor elementor-36\" data-elementor-post-type=\"page\">\n\t\t\t\t<div class=\"elementor-element elementor-element-4ea37ef0 e-flex e-con-boxed elementor-invisible e-con e-parent\" data-id=\"4ea37ef0\" data-element_type=\"container\" data-settings=\"{&quot;animation&quot;:&quot;fadeIn&quot;}\">\n\t\t\t\t\t<div class=\"e-con-inner\">\n\t\t\t\t<div class=\"elementor-element elementor-element-3983459b elementor-widget elementor-widget-flex-hero\" data-id=\"3983459b\" data-element_type=\"widget\" data-settings=\"{&quot;image_shape&quot;:&quot;rounded&quot;,&quot;layout_image_position_tablet&quot;:&quot;end&quot;,&quot;layout_preset&quot;:&quot;showcase&quot;,&quot;layout_column_structure&quot;:&quot;50-50&quot;,&quot;layout_image_position&quot;:&quot;end&quot;,&quot;primary_button_shape&quot;:&quot;default&quot;,&quot;box_shape&quot;:&quot;sharp&quot;}\" data-widget_type=\"flex-hero.default\">\n\t\t\t\t<div class=\"elementor-widget-container\">\n\t\t\t\t\t\t\t<div class=\"has-shape-sharp shape-type-box has-column-structure-50-50  ehp-flex-hero has-layout-preset-showcase has-image-position-end has-image-position-md-end\">\n\t\t\t\t\t\t<div class=\"ehp-flex-hero__overlay\"><\/div>\n\t\t\t<div class=\"ehp-flex-hero__content-container\">\n\t\t\t\t<h2 class=\"ehp-flex-hero__heading\">O nas <\/h2><h3 class=\"ehp-flex-hero__subheading\">Dzia\u0142amy na rynku od ponad 15 lat \u2013 z kr\u00f3tk\u0105 przerw\u0105, by wr\u00f3ci\u0107 z jeszcze lepsz\u0105 ofert\u0105.\nPrzez lata wsp\u00f3\u0142pracowali\u015bmy z setkami klient\u00f3w indywidualnych i firm, dostarczaj\u0105c samochody w najlepszych konfiguracjach, na uczciwych warunkach i w rozs\u0105dnych cenach. Dzi\u015b wracamy z now\u0105 energi\u0105, szersz\u0105 ofert\u0105 i jeszcze wi\u0119kszym naciskiem na jako\u015b\u0107, wygod\u0119 i przejrzysto\u015b\u0107. Bo wiemy, \u017ce samoch\u00f3d to nie tylko \u015brodek transportu \u2013 to codzienny komfort, styl i narz\u0119dzie pracy.\n\n<\/h3>\t\t\t<div class=\"ehp-flex-hero__ctas-container\">\n\t\t\t\t\t\t\t\t\t\t\t<\/div>\n\t\t\t\t\t<\/div>\n\t\t\t\t<div class=\"ehp-flex-hero__image-wrapper\">\n\t\t\t\t\t<div class=\"ehp-image ehp-flex-hero__image-container\">\n\t\t\t\t<img decoding=\"async\" class=\"ehp-image__img ehp-flex-hero__img has-shape-rounded shape-type-image\" src=\"http:\/\/ride4less24.pl\/wp-content\/uploads\/2025\/06\/2024_GRSupra_3L_45thAnnivEd_MikanBlast_005-1500x1000-1.jpg\" title=\"2024_GRSupra_3L_45thAnnivEd_MikanBlast_005-1500&#215;1000\" alt=\"2024_GRSupra_3L_45thAnnivEd_MikanBlast_005-1500x1000\" loading=\"lazy\" \/>\t\t\t<\/div>\n\t\t\t\t\t<\/div>\n\t\t\t\t<\/div>\n\t\t\t\t\t\t<\/div>\n\t\t\t\t<\/div>\n\t\t\t\t\t<\/div>\n\t\t\t\t<\/div>\n\t\t<div class=\"elementor-element elementor-element-aebc1f7 e-con-full e-flex elementor-invisible e-con e-parent\" data-id=\"aebc1f7\" data-element_type=\"container\" data-settings=\"{&quot;animation&quot;:&quot;fadeIn&quot;}\">\n\t\t<div class=\"elementor-element elementor-element-179aad8d e-con-full e-flex e-con e-child\" data-id=\"179aad8d\" data-element_type=\"container\" data-settings=\"{&quot;background_background&quot;:&quot;classic&quot;}\">\n\t\t\t\t<div class=\"elementor-element elementor-element-10a0eb6d elementor-widget elementor-widget-counter\" data-id=\"10a0eb6d\" data-element_type=\"widget\" data-widget_type=\"counter.default\">\n\t\t\t\t<div class=\"elementor-widget-container\">\n\t\t\t\t\t\t\t<div class=\"elementor-counter\">\n\t\t\t<div class=\"elementor-counter-title\">Wydanych samochod\u00f3w<\/div>\t\t\t<div class=\"elementor-counter-number-wrapper\">\n\t\t\t\t<span class=\"elementor-counter-number-prefix\"><\/span>\n\t\t\t\t<span class=\"elementor-counter-number\" data-duration=\"807\" data-to-value=\"238\" data-from-value=\"0\" data-delimiter=\",\">0<\/span>\n\t\t\t\t<span class=\"elementor-counter-number-suffix\"><\/span>\n\t\t\t<\/div>\n\t\t<\/div>\n\t\t\t\t\t\t<\/div>\n\t\t\t\t<\/div>\n\t\t\t\t<\/div>\n\t\t<div class=\"elementor-element elementor-element-62baa408 e-con-full e-flex e-con e-child\" data-id=\"62baa408\" data-element_type=\"container\">\n\t\t\t\t<div class=\"elementor-element elementor-element-291c3c elementor-widget elementor-widget-image\" data-id=\"291c3c\" data-element_type=\"widget\" data-widget_type=\"image.default\">\n\t\t\t\t<div class=\"elementor-widget-container\">\n\t\t\t\t\t\t\t\t\t\t\t\t\t\t\t<img fetchpriority=\"high\" decoding=\"async\" width=\"800\" height=\"533\" src=\"http:\/\/ride4less24.pl\/wp-content\/uploads\/2025\/06\/P90599284_highRes_bmw-concept-speedtop-1024x682.jpg\" class=\"attachment-large size-large wp-image-186\" alt=\"\" srcset=\"http:\/\/ride4less24.pl\/wp-content\/uploads\/2025\/06\/P90599284_highRes_bmw-concept-speedtop-1024x682.jpg 1024w, http:\/\/ride4less24.pl\/wp-content\/uploads\/2025\/06\/P90599284_highRes_bmw-concept-speedtop-300x200.jpg 300w, http:\/\/ride4less24.pl\/wp-content\/uploads\/2025\/06\/P90599284_highRes_bmw-concept-speedtop-768x511.jpg 768w, http:\/\/ride4less24.pl\/wp-content\/uploads\/2025\/06\/P90599284_highRes_bmw-concept-speedtop-1536x1022.jpg 1536w, http:\/\/ride4less24.pl\/wp-content\/uploads\/2025\/06\/P90599284_highRes_bmw-concept-speedtop-2048x1363.jpg 2048w\" sizes=\"(max-width: 800px) 100vw, 800px\" \/>\t\t\t\t\t\t\t\t\t\t\t\t\t\t\t<\/div>\n\t\t\t\t<\/div>\n\t\t\t\t<\/div>\n\t\t<div class=\"elementor-element elementor-element-2a30ed9d e-con-full e-flex e-con e-child\" data-id=\"2a30ed9d\" data-element_type=\"container\">\n\t\t\t\t<div class=\"elementor-element elementor-element-1e76fa62 elementor-widget elementor-widget-heading\" data-id=\"1e76fa62\" data-element_type=\"widget\" data-widget_type=\"heading.default\">\n\t\t\t\t<div class=\"elementor-widget-container\">\n\t\t\t\t\t<h2 class=\"elementor-heading-title elementor-size-default\">Misja<\/h2>\t\t\t\t<\/div>\n\t\t\t\t<\/div>\n\t\t\t\t<div class=\"elementor-element elementor-element-7318aaaa elementor-widget elementor-widget-text-editor\" data-id=\"7318aaaa\" data-element_type=\"widget\" data-widget_type=\"text-editor.default\">\n\t\t\t\t<div class=\"elementor-widget-container\">\n\t\t\t\t\t\t\t\t\t<p>D\u0105\u017cymy do tego, by oferowa\u0107 samochody w najlepszych konfiguracjach i cenach, staj\u0105c si\u0119 symbolem niezawodno\u015bci, wygody i partnerskiego podej\u015bcia.<\/p>\t\t\t\t\t\t\t\t<\/div>\n\t\t\t\t<\/div>\n\t\t\t\t<\/div>\n\t\t<div class=\"elementor-element elementor-element-4b4a1483 e-con-full e-flex e-con e-child\" data-id=\"4b4a1483\" data-element_type=\"container\">\n\t\t\t\t<div class=\"elementor-element elementor-element-6a95aa54 elementor-widget elementor-widget-image\" data-id=\"6a95aa54\" data-element_type=\"widget\" data-widget_type=\"image.default\">\n\t\t\t\t<div class=\"elementor-widget-container\">\n\t\t\t\t\t\t\t\t\t\t\t\t\t\t\t<img decoding=\"async\" width=\"683\" height=\"1024\" src=\"http:\/\/ride4less24.pl\/wp-content\/uploads\/2025\/06\/P90588527_highRes_mini-cooper-converti-683x1024.jpg\" class=\"attachment-large size-large wp-image-187\" alt=\"\" srcset=\"http:\/\/ride4less24.pl\/wp-content\/uploads\/2025\/06\/P90588527_highRes_mini-cooper-converti-683x1024.jpg 683w, http:\/\/ride4less24.pl\/wp-content\/uploads\/2025\/06\/P90588527_highRes_mini-cooper-converti-200x300.jpg 200w, http:\/\/ride4less24.pl\/wp-content\/uploads\/2025\/06\/P90588527_highRes_mini-cooper-converti-768x1152.jpg 768w, http:\/\/ride4less24.pl\/wp-content\/uploads\/2025\/06\/P90588527_highRes_mini-cooper-converti-1024x1536.jpg 1024w, http:\/\/ride4less24.pl\/wp-content\/uploads\/2025\/06\/P90588527_highRes_mini-cooper-converti-1365x2048.jpg 1365w, http:\/\/ride4less24.pl\/wp-content\/uploads\/2025\/06\/P90588527_highRes_mini-cooper-converti-scaled.jpg 1707w\" sizes=\"(max-width: 683px) 100vw, 683px\" \/>\t\t\t\t\t\t\t\t\t\t\t\t\t\t\t<\/div>\n\t\t\t\t<\/div>\n\t\t\t\t<\/div>\n\t\t<div class=\"elementor-element elementor-element-700059b0 e-con-full e-flex e-con e-child\" data-id=\"700059b0\" data-element_type=\"container\">\n\t\t\t\t<div class=\"elementor-element elementor-element-298616c4 elementor-widget elementor-widget-heading\" data-id=\"298616c4\" data-element_type=\"widget\" data-widget_type=\"heading.default\">\n\t\t\t\t<div class=\"elementor-widget-container\">\n\t\t\t\t\t<h2 class=\"elementor-heading-title elementor-size-default\">Wizja<\/h2>\t\t\t\t<\/div>\n\t\t\t\t<\/div>\n\t\t\t\t<div class=\"elementor-element elementor-element-6174d844 elementor-widget elementor-widget-text-editor\" data-id=\"6174d844\" data-element_type=\"widget\" data-widget_type=\"text-editor.default\">\n\t\t\t\t<div class=\"elementor-widget-container\">\n\t\t\t\t\t\t\t\t\t<p>\u0141\u0105czymy indywidualne podej\u015bcie z bogat\u0105 ofert\u0105 aut, aby ka\u017cdy klient \u2014 niezale\u017cnie od skali potrzeb \u2014 m\u00f3g\u0142 porusza\u0107 si\u0119 bezpiecznie, komfortowo i na w\u0142asnych zasadach.<\/p>\t\t\t\t\t\t\t\t<\/div>\n\t\t\t\t<\/div>\n\t\t\t\t<\/div>\n\t\t<div class=\"elementor-element elementor-element-cd4a8f0 e-con-full e-flex e-con e-child\" data-id=\"cd4a8f0\" data-element_type=\"container\" data-settings=\"{&quot;background_background&quot;:&quot;classic&quot;}\">\n\t\t\t\t<div class=\"elementor-element elementor-element-488ad917 elementor-widget elementor-widget-counter\" data-id=\"488ad917\" data-element_type=\"widget\" data-widget_type=\"counter.default\">\n\t\t\t\t<div class=\"elementor-widget-container\">\n\t\t\t\t\t\t\t<div class=\"elementor-counter\">\n\t\t\t<div class=\"elementor-counter-title\">Client Satisfaction<\/div>\t\t\t<div class=\"elementor-counter-number-wrapper\">\n\t\t\t\t<span class=\"elementor-counter-number-prefix\"><\/span>\n\t\t\t\t<span class=\"elementor-counter-number\" data-duration=\"807\" data-to-value=\"95\" data-from-value=\"0\" data-delimiter=\",\">0<\/span>\n\t\t\t\t<span class=\"elementor-counter-number-suffix\">%<\/span>\n\t\t\t<\/div>\n\t\t<\/div>\n\t\t\t\t\t\t<\/div>\n\t\t\t\t<\/div>\n\t\t\t\t<\/div>\n\t\t\t\t<\/div>\n\t\t<div class=\"elementor-element elementor-element-9708bc4 e-flex e-con-boxed e-con e-parent\" data-id=\"9708bc4\" data-element_type=\"container\">\n\t\t\t\t\t<div class=\"e-con-inner\">\n\t\t<div class=\"elementor-element elementor-element-2a3a53f e-con-full e-flex elementor-invisible e-con e-child\" data-id=\"2a3a53f\" data-element_type=\"container\" data-settings=\"{&quot;background_background&quot;:&quot;classic&quot;,&quot;animation&quot;:&quot;fadeIn&quot;}\">\n\t\t<div class=\"elementor-element elementor-element-097546c e-con-full e-flex e-con e-child\" data-id=\"097546c\" data-element_type=\"container\">\n\t\t\t\t<div class=\"elementor-element elementor-element-2534ae0 elementor-widget elementor-widget-cta\" data-id=\"2534ae0\" data-element_type=\"widget\" data-settings=\"{&quot;secondary_button_shape&quot;:&quot;custom&quot;,&quot;layout_preset&quot;:&quot;focus&quot;,&quot;cta_vertical_position&quot;:&quot;start&quot;,&quot;primary_button_shape&quot;:&quot;default&quot;,&quot;box_shape&quot;:&quot;sharp&quot;}\" data-widget_type=\"cta.default\">\n\t\t\t\t<div class=\"elementor-widget-container\">\n\t\t\t\t\t\t\t<div class=\"has-shape-sharp shape-type-box ehp-cta has-preset-focus\">\n\t\t\t<div class=\"ehp-cta__overlay\"><\/div>\n\t\t\t<div class=\"ehp-cta__elements-container\">\n\t\t\t\t\t\t<div class=\"ehp-cta__text-container\">\n\t\t\t<h2 class=\"ehp-cta__heading\">Potrzebujesz profesjonalnej porady?<\/h2>\t\t<\/div>\n\t\t\t\t\t<div class=\"ehp-cta__ctas-container\">\n\t\t\t\t<div class=\"ehp-cta__buttons-wrapper\">\n\t\t\t\t\t\t\t\t\t\t\t\t<a class=\"has-shape-custom shape-type-button ehp-button ehp-button--secondary ehp-cta__button ehp-cta__button--secondary is-type-button elementor-animation-shrink\" href=\"http:\/\/ride4less24.pl\/?page_id=21\">\n\t\t\t\t\t<span class=\"ehp-button__text ehp-cta__button-text ehp-cta__button-text--secondary\">\n\t\t\tKontakt\t\t\t\t<\/a>\n\t\t\t\t\t\t<\/div>\n\t\t\t<\/div>\n\t\t\t\t\t<\/div>\n\t\t<\/div>\n\t\t\t\t\t\t<\/div>\n\t\t\t\t<\/div>\n\t\t\t\t<\/div>\n\t\t<div class=\"elementor-element elementor-element-27e33a1 e-con-full e-flex e-con e-child\" data-id=\"27e33a1\" data-element_type=\"container\">\n\t\t\t\t<div class=\"elementor-element elementor-element-190f423 elementor-widget elementor-widget-image\" data-id=\"190f423\" data-element_type=\"widget\" data-widget_type=\"image.default\">\n\t\t\t\t<div class=\"elementor-widget-container\">\n\t\t\t\t\t\t\t\t\t\t\t\t\t\t\t<img decoding=\"async\" width=\"800\" height=\"534\" src=\"http:\/\/ride4less24.pl\/wp-content\/uploads\/2025\/06\/P90599300_highRes_bmw-concept-speedtop-1024x683.jpg\" class=\"attachment-large size-large wp-image-108\" alt=\"\" srcset=\"http:\/\/ride4less24.pl\/wp-content\/uploads\/2025\/06\/P90599300_highRes_bmw-concept-speedtop-1024x683.jpg 1024w, http:\/\/ride4less24.pl\/wp-content\/uploads\/2025\/06\/P90599300_highRes_bmw-concept-speedtop-300x200.jpg 300w, http:\/\/ride4less24.pl\/wp-content\/uploads\/2025\/06\/P90599300_highRes_bmw-concept-speedtop-768x512.jpg 768w, http:\/\/ride4less24.pl\/wp-content\/uploads\/2025\/06\/P90599300_highRes_bmw-concept-speedtop-1536x1024.jpg 1536w, http:\/\/ride4less24.pl\/wp-content\/uploads\/2025\/06\/P90599300_highRes_bmw-concept-speedtop-2048x1365.jpg 2048w\" sizes=\"(max-width: 800px) 100vw, 800px\" \/>\t\t\t\t\t\t\t\t\t\t\t\t\t\t\t<\/div>\n\t\t\t\t<\/div>\n\t\t\t\t<\/div>\n\t\t\t\t<\/div>\n\t\t\t\t\t<\/div>\n\t\t\t\t<\/div>\n\t\t\t\t<\/div>\n\t\t","protected":false},"excerpt":{"rendered":"<p>O nas Dzia\u0142amy na rynku od ponad 15 lat \u2013 z kr\u00f3tk\u0105 przerw\u0105, by wr\u00f3ci\u0107 z jeszcze lepsz\u0105 ofert\u0105. Przez lata wsp\u00f3\u0142pracowali\u015bmy z setkami klient\u00f3w indywidualnych i firm, dostarczaj\u0105c samochody w najlepszych konfiguracjach, na uczciwych warunkach i w rozs\u0105dnych cenach. Dzi\u015b wracamy z now\u0105 energi\u0105, szersz\u0105 ofert\u0105 i jeszcze wi\u0119kszym naciskiem na jako\u015b\u0107, wygod\u0119 i [&hellip;]<\/p>\n","protected":false},"author":1,"featured_media":0,"parent":0,"menu_order":0,"comment_status":"closed","ping_status":"closed","template":"elementor_header_footer","meta":{"_acf_changed":false,"footnotes":""},"class_list":["post-36","page","type-page","status-publish","hentry"],"acf":[],"_links":{"self":[{"href":"http:\/\/ride4less24.pl\/index.php?rest_route=\/wp\/v2\/pages\/36","targetHints":{"allow":["GET"]}}],"collection":[{"href":"http:\/\/ride4less24.pl\/index.php?rest_route=\/wp\/v2\/pages"}],"about":[{"href":"http:\/\/ride4less24.pl\/index.php?rest_route=\/wp\/v2\/types\/page"}],"author":[{"embeddable":true,"href":"http:\/\/ride4less24.pl\/index.php?rest_route=\/wp\/v2\/users\/1"}],"replies":[{"embeddable":true,"href":"http:\/\/ride4less24.pl\/index.php?rest_route=%2Fwp%2Fv2%2Fcomments&post=36"}],"version-history":[{"count":17,"href":"http:\/\/ride4less24.pl\/index.php?rest_route=\/wp\/v2\/pages\/36\/revisions"}],"predecessor-version":[{"id":521,"href":"http:\/\/ride4less24.pl\/index.php?rest_route=\/wp\/v2\/pages\/36\/revisions\/521"}],"wp:attachment":[{"href":"http:\/\/ride4less24.pl\/index.php?rest_route=%2Fwp%2Fv2%2Fmedia&parent=36"}],"curies":[{"name":"wp","href":"https:\/\/api.w.org\/{rel}","templated":true}]}}